{"id":4035,"date":"2017-07-07T12:55:54","date_gmt":"2017-07-07T12:55:54","guid":{"rendered":"http:\/\/localhost:8080\/hotel.com\/?page_id=4035"},"modified":"2017-08-02T15:49:16","modified_gmt":"2017-08-02T15:49:16","slug":"services","status":"publish","type":"page","link":"https:\/\/lydenhotel.com\/sq\/services\/","title":{"rendered":"Sh\u00ebrbimet"},"content":{"rendered":"<div class=\"gdlr-shortcode-wrapper\"><div class=\"gdlr-item gdlr-tab-item horizontal\" ><div class=\"tab-title-wrapper\" ><h4 class=\"tab-title active\" ><span>Hoteli yn\u00eb<\/span><\/h4><h4 class=\"tab-title\" ><span>Sh\u00ebrbimet tona<\/span><\/h4><h4 class=\"tab-title\" ><span>Sh\u00ebrbime opsionale<\/span><\/h4><\/div><div class=\"tab-content-wrapper\" ><div class=\"tab-content active\" ><p><img loading=\"lazy\" decoding=\"async\" class=\"wp-image-3886 size-medium alignleft\" src=\"http:\/\/lydenhotel.com\/wp-content\/uploads\/2017\/06\/EXT_02XL-300x225.jpg\" alt=\"\" width=\"300\" height=\"225\" srcset=\"https:\/\/lydenhotel.com\/wp-content\/uploads\/2017\/06\/EXT_02XL-300x225.jpg 300w, https:\/\/lydenhotel.com\/wp-content\/uploads\/2017\/06\/EXT_02XL-400x300.jpg 400w, https:\/\/lydenhotel.com\/wp-content\/uploads\/2017\/06\/EXT_02XL.jpg 600w\" sizes=\"auto, (max-width: 300px) 100vw, 300px\" \/><\/p>\n<div class=\"gdlr-dropcap gdlr-type-circle\" style=\"color: #ffffff; background-color: #e36d39; \" >H<\/div>\n<div class=\"vc_row wpb_row vc_row-fluid vc_custom_1476086385327\">\n<div class=\"wpb_column vc_column_container vc_col-sm-6\">\n<div class=\"vc_column-inner \">\n<div class=\"wpb_wrapper\">\n<div class=\"vc_wp_text wpb_content_element line-height-normal\">\n<div class=\"widget widget_text\">\n<div class=\"textwidget\">\n<p>otel Lyden ndodhet n\u00eb Golem, pjes\u00eb e qytetit t\u00eb Kavajes, me pamje nga veranda dhe zona e plazhit privat. Miqt\u00eb kan\u00eb mundesin\u00eb t\u00eb shijojn\u00eb restorantin ton\u00eb. Parkingu privat \u00ebsht\u00eb n\u00eb dispozicion. \u00c7do dhom\u00eb n\u00eb k\u00ebt\u00eb hotel \u00ebsht\u00eb me aj\u00ebr t\u00eb kondicionuar dhe \u00ebsht\u00eb e pajisur me TV t\u00eb shesht\u00eb me kanale kabllore.<\/p>\n<\/div>\n<\/div>\n<\/div>\n<\/div>\n<\/div>\n<\/div>\n<div class=\"wpb_column vc_column_container vc_col-sm-6\">\n<div class=\"vc_column-inner \">\n<div class=\"wpb_wrapper\">\n<div class=\"vc_wp_text wpb_content_element line-height-normal\">\n<div class=\"widget widget_text\">\n<div class=\"textwidget\">\n<p>Dhoma t\u00eb caktuara ofrojn\u00eb pamje nga deti, kodra apo kopshti. P\u00ebr komoditetin tuaj, ju do t\u00eb gjeni robd\u00ebsham dhe pantofla. Aeroporti Nd\u00ebrkomb\u00ebtar i Tiran\u00ebs \u00ebsht\u00eb 30 km nga hotel, nd\u00ebrsa qyteti i dyt\u00eb m\u00eb i madh ne Shqip\u00ebri, Durr\u00ebsi, \u00ebsht\u00eb vet\u00ebm 12 km larg.<\/p>\n<p>Ne flasim gjuh\u00ebn tuaj!<\/p>\n<\/div>\n<\/div>\n<\/div>\n<\/div>\n<\/div>\n<\/div>\n<\/div>\n<\/div><div class=\"tab-content\" ><p><img loading=\"lazy\" decoding=\"async\" class=\"wp-image-3892 size-medium alignleft\" src=\"http:\/\/lydenhotel.com\/wp-content\/uploads\/2017\/06\/Hall2-300x225.jpg\" alt=\"\" width=\"300\" height=\"225\" srcset=\"https:\/\/lydenhotel.com\/wp-content\/uploads\/2017\/06\/Hall2-300x225.jpg 300w, https:\/\/lydenhotel.com\/wp-content\/uploads\/2017\/06\/Hall2-768x576.jpg 768w, https:\/\/lydenhotel.com\/wp-content\/uploads\/2017\/06\/Hall2-400x300.jpg 400w, https:\/\/lydenhotel.com\/wp-content\/uploads\/2017\/06\/Hall2.jpg 960w\" sizes=\"auto, (max-width: 300px) 100vw, 300px\" \/><\/p>\n<ul>\n<li>Recepsioni \u00ebsht\u00eb n\u00eb sh\u00ebrbimin tuaj 24 or\u00eb<\/li>\n<li>Internet Wireless falas n\u00eb t\u00eb gjith\u00eb hap\u00ebsir\u00ebn e hotelit<\/li>\n<li>Vend parkimi falas<\/li>\n<li>Ashensor dhe shkall\u00eb komode<\/li>\n<li>Kasafort\u00eb p\u00ebr ruajtjen e sendeve me vler\u00eb<\/li>\n<li>K\u00ebmbim valutor<\/li>\n<li>Alarm zjarri<\/li>\n<li>Hekur dhe tavolin\u00eb hekurosje<\/li>\n<li>Survejim i hotelit edhe gjat\u00eb nat\u00ebs<\/li>\n<li>Dhom\u00eb Lojrash me bilardo, ping pong etj.<\/li>\n<\/ul>\n<p>&nbsp;<\/p>\n<p>&nbsp;<\/p>\n<\/div><div class=\"tab-content\" ><p><img loading=\"lazy\" decoding=\"async\" class=\"wp-image-4094 size-medium alignleft\" src=\"http:\/\/lydenhotel.com\/wp-content\/uploads\/2017\/07\/Amphitheatre_of_Durr\u00ebs_by_Pudelek-300x188.jpg\" alt=\"\" width=\"300\" height=\"188\" srcset=\"https:\/\/lydenhotel.com\/wp-content\/uploads\/2017\/07\/Amphitheatre_of_Durr\u00ebs_by_Pudelek-300x188.jpg 300w, https:\/\/lydenhotel.com\/wp-content\/uploads\/2017\/07\/Amphitheatre_of_Durr\u00ebs_by_Pudelek-768x481.jpg 768w, https:\/\/lydenhotel.com\/wp-content\/uploads\/2017\/07\/Amphitheatre_of_Durr\u00ebs_by_Pudelek-1024x641.jpg 1024w\" sizes=\"auto, (max-width: 300px) 100vw, 300px\" \/><\/p>\n<ul>\n<li>Larje dhe hekurosje rrobash personale<\/li>\n<li>Frekuentimi i lokaleve t\u00eb zon\u00ebs dhe bareve me muzik\u00eb live etj.<\/li>\n<li>Qyteti 3000 vje\u00e7ar i Durr\u00ebsit, i cili ndodhet vet\u00ebm 12 km nga hoteli, ju jep mund\u00ebsin\u00eb t\u00eb vizitoni nj\u00eb s\u00ebr\u00eb vendesh historike si: Amfiteatri Romak, Muret e qytetit t\u00eb vjet\u00ebr, Torr\u00ebn Veneciane, Muzeun historik etj.<\/li>\n<\/ul>\n<p>&nbsp;<\/p>\n<p>&nbsp;<\/p>\n<p>&nbsp;<\/p>\n<\/div><\/div><div class=\"clear\"><\/div><\/div><\/div>\n","protected":false},"excerpt":{"rendered":"","protected":false},"author":1,"featured_media":0,"parent":0,"menu_order":0,"comment_status":"closed","ping_status":"closed","template":"","meta":{"_monsterinsights_skip_tracking":false,"_monsterinsights_sitenote_active":false,"_monsterinsights_sitenote_note":"","_monsterinsights_sitenote_category":0,"footnotes":""},"class_list":["post-4035","page","type-page","status-publish","hentry"],"_links":{"self":[{"href":"https:\/\/lydenhotel.com\/sq\/wp-json\/wp\/v2\/pages\/4035","targetHints":{"allow":["GET"]}}],"collection":[{"href":"https:\/\/lydenhotel.com\/sq\/wp-json\/wp\/v2\/pages"}],"about":[{"href":"https:\/\/lydenhotel.com\/sq\/wp-json\/wp\/v2\/types\/page"}],"author":[{"embeddable":true,"href":"https:\/\/lydenhotel.com\/sq\/wp-json\/wp\/v2\/users\/1"}],"replies":[{"embeddable":true,"href":"https:\/\/lydenhotel.com\/sq\/wp-json\/wp\/v2\/comments?post=4035"}],"version-history":[{"count":10,"href":"https:\/\/lydenhotel.com\/sq\/wp-json\/wp\/v2\/pages\/4035\/revisions"}],"predecessor-version":[{"id":4451,"href":"https:\/\/lydenhotel.com\/sq\/wp-json\/wp\/v2\/pages\/4035\/revisions\/4451"}],"wp:attachment":[{"href":"https:\/\/lydenhotel.com\/sq\/wp-json\/wp\/v2\/media?parent=4035"}],"curies":[{"name":"wp","href":"https:\/\/api.w.org\/{rel}","templated":true}]}}