{"id":4038,"date":"2017-07-07T12:55:54","date_gmt":"2017-07-07T12:55:54","guid":{"rendered":"http:\/\/localhost:8080\/hotel.com\/sherbimet\/"},"modified":"2017-08-02T15:49:56","modified_gmt":"2017-08-02T15:49:56","slug":"services","status":"publish","type":"page","link":"https:\/\/lydenhotel.com\/it\/services\/","title":{"rendered":"Servizi"},"content":{"rendered":"<div class=\"gdlr-shortcode-wrapper\"><div class=\"gdlr-item gdlr-tab-item horizontal\" ><div class=\"tab-title-wrapper\" ><h4 class=\"tab-title active\" ><span>Il nostro hotel<\/span><\/h4><h4 class=\"tab-title\" ><span>I nostri servizi<\/span><\/h4><h4 class=\"tab-title\" ><span>Altri servizi<\/span><\/h4><\/div><div class=\"tab-content-wrapper\" ><div class=\"tab-content active\" ><p><img loading=\"lazy\" decoding=\"async\" class=\"wp-image-3886 size-medium alignleft\" src=\"http:\/\/lydenhotel.com\/wp-content\/uploads\/2017\/06\/EXT_02XL-300x225.jpg\" alt=\"\" width=\"300\" height=\"225\" srcset=\"https:\/\/lydenhotel.com\/wp-content\/uploads\/2017\/06\/EXT_02XL-300x225.jpg 300w, https:\/\/lydenhotel.com\/wp-content\/uploads\/2017\/06\/EXT_02XL-400x300.jpg 400w, https:\/\/lydenhotel.com\/wp-content\/uploads\/2017\/06\/EXT_02XL.jpg 600w\" sizes=\"auto, (max-width: 300px) 100vw, 300px\" \/><\/p>\n<div class=\"gdlr-dropcap gdlr-type-circle\" style=\"color: #ffffff; background-color: #e36d39; \" >H<\/div>\n<div class=\"vc_row wpb_row vc_row-fluid vc_custom_1476086385327\">\n<div class=\"vc_row wpb_row vc_row-fluid vc_custom_1476086385327\">\n<div class=\"wpb_column vc_column_container vc_col-sm-6\">\n<div class=\"vc_column-inner \">\n<div class=\"wpb_wrapper\">\n<div class=\"vc_wp_text wpb_content_element line-height-normal\">\n<div class=\"widget widget_text\">\n<div class=\"textwidget\">\n<p>otel Lyden \u00e8 situato a Golem, una provincia della citt\u00e0 di Kavaja, e dispone di camere con vista verso la terrazza e la spiaggia privata. Potrete gustare i cibi del ristorante del nostro albergo. L&#8217;hotel ha il suo parcheggio privato, sorvegliato 24 ore su 24. Ogni camera dell\u2019hotel ha l&#8217;aria condizionata ed \u00e8 dotata di TV a schermo piatto con canali via cavo.<\/p>\n<\/div>\n<\/div>\n<\/div>\n<\/div>\n<\/div>\n<\/div>\n<div class=\"wpb_column vc_column_container vc_col-sm-6\">\n<div class=\"vc_column-inner \">\n<div class=\"wpb_wrapper\">\n<div class=\"vc_wp_text wpb_content_element line-height-normal\">\n<div class=\"widget widget_text\">\n<div class=\"textwidget\">\n<p>Alcune camere dispongono di una zona salotto dove potrete rilassarvi, e possono avere una vista sul mare, sulle colline del villaggio o sul giardino. Per il vostro comfort troverete accappatoi e pantofole in ogni stanza.\u00a0 L\u2019aeroporto internazionale di Tirana si trova a 30 km dal hotel, e la seconda citt\u00e0 pi\u00f9 grande dell&#8217;Albania, Durazzo, si trova solamente 12 km da noi.<\/p>\n<p>Noi parliamo la tua lingua!<\/p>\n<\/div>\n<\/div>\n<\/div>\n<\/div>\n<\/div>\n<\/div>\n<\/div>\n<\/div>\n<\/div><div class=\"tab-content\" ><p><img loading=\"lazy\" decoding=\"async\" class=\"wp-image-3892 size-medium alignleft\" src=\"http:\/\/lydenhotel.com\/wp-content\/uploads\/2017\/06\/Hall2-300x225.jpg\" alt=\"\" width=\"300\" height=\"225\" srcset=\"https:\/\/lydenhotel.com\/wp-content\/uploads\/2017\/06\/Hall2-300x225.jpg 300w, https:\/\/lydenhotel.com\/wp-content\/uploads\/2017\/06\/Hall2-768x576.jpg 768w, https:\/\/lydenhotel.com\/wp-content\/uploads\/2017\/06\/Hall2-400x300.jpg 400w, https:\/\/lydenhotel.com\/wp-content\/uploads\/2017\/06\/Hall2.jpg 960w\" sizes=\"auto, (max-width: 300px) 100vw, 300px\" \/><\/p>\n<ul>\n<li>La recepsion \u00e8 a vostra disposizione 24 ore su 24<\/li>\n<li>Internet Wireless gratuito in tutta la superficie dell&#8217;hotel<\/li>\n<li>Parcheggio gratuito<\/li>\n<li>Ascensore e scale comode<\/li>\n<li>Cassaforte per conservare i vostri oggetti preziosi<\/li>\n<li>Cambio valuta<\/li>\n<li>Alarme fuoco<\/li>\n<li>Asse da stiro e ferro per stirare<\/li>\n<li>Sorveglianza dell&#8217;hotel durante la notte<\/li>\n<li>Stanza da Giochi con un tavolo da biliardo, ping pong ecc.<\/li>\n<\/ul>\n<p>&nbsp;<\/p>\n<p>&nbsp;<\/p>\n<\/div><div class=\"tab-content\" ><p><img loading=\"lazy\" decoding=\"async\" class=\"wp-image-4094 size-medium alignleft\" src=\"http:\/\/lydenhotel.com\/wp-content\/uploads\/2017\/07\/Amphitheatre_of_Durr\u00ebs_by_Pudelek-300x188.jpg\" alt=\"\" width=\"300\" height=\"188\" srcset=\"https:\/\/lydenhotel.com\/wp-content\/uploads\/2017\/07\/Amphitheatre_of_Durr\u00ebs_by_Pudelek-300x188.jpg 300w, https:\/\/lydenhotel.com\/wp-content\/uploads\/2017\/07\/Amphitheatre_of_Durr\u00ebs_by_Pudelek-768x481.jpg 768w, https:\/\/lydenhotel.com\/wp-content\/uploads\/2017\/07\/Amphitheatre_of_Durr\u00ebs_by_Pudelek-1024x641.jpg 1024w\" sizes=\"auto, (max-width: 300px) 100vw, 300px\" \/><\/p>\n<ul>\n<li>Lavaggio e stiratura vestiti<\/li>\n<li>Possibilit\u00e0 di frequentare i club e i bar con musica live della zona.<\/li>\n<li>La citt\u00e0 di Durazzo, vecchia 3000 anni e lontana solo 12 km dall&#8217;hotel, vi d\u00e0 la possibilit\u00e0 di visitare diversi luoghi di importanza storica come: L&#8217;amfiteatro Romano, Le mura della vecchia citt\u00e0, La Torre Veneziana, Il Museo Storico ecc.<\/li>\n<\/ul>\n<p>&nbsp;<\/p>\n<p>&nbsp;<\/p>\n<p>&nbsp;<\/p>\n<\/div><\/div><div class=\"clear\"><\/div><\/div><\/div>\n","protected":false},"excerpt":{"rendered":"","protected":false},"author":1,"featured_media":0,"parent":0,"menu_order":0,"comment_status":"closed","ping_status":"closed","template":"","meta":{"_monsterinsights_skip_tracking":false,"_monsterinsights_sitenote_active":false,"_monsterinsights_sitenote_note":"","_monsterinsights_sitenote_category":0,"footnotes":""},"class_list":["post-4038","page","type-page","status-publish","hentry"],"_links":{"self":[{"href":"https:\/\/lydenhotel.com\/it\/wp-json\/wp\/v2\/pages\/4038","targetHints":{"allow":["GET"]}}],"collection":[{"href":"https:\/\/lydenhotel.com\/it\/wp-json\/wp\/v2\/pages"}],"about":[{"href":"https:\/\/lydenhotel.com\/it\/wp-json\/wp\/v2\/types\/page"}],"author":[{"embeddable":true,"href":"https:\/\/lydenhotel.com\/it\/wp-json\/wp\/v2\/users\/1"}],"replies":[{"embeddable":true,"href":"https:\/\/lydenhotel.com\/it\/wp-json\/wp\/v2\/comments?post=4038"}],"version-history":[{"count":8,"href":"https:\/\/lydenhotel.com\/it\/wp-json\/wp\/v2\/pages\/4038\/revisions"}],"predecessor-version":[{"id":4452,"href":"https:\/\/lydenhotel.com\/it\/wp-json\/wp\/v2\/pages\/4038\/revisions\/4452"}],"wp:attachment":[{"href":"https:\/\/lydenhotel.com\/it\/wp-json\/wp\/v2\/media?parent=4038"}],"curies":[{"name":"wp","href":"https:\/\/api.w.org\/{rel}","templated":true}]}}